{"id":3,"date":"2022-03-04T16:58:39","date_gmt":"2022-03-04T16:58:39","guid":{"rendered":"https:\/\/tenutedeiciclopi.it\/?page_id=3"},"modified":"2024-05-11T22:40:48","modified_gmt":"2024-05-11T20:40:48","slug":"privacy-policy","status":"publish","type":"page","link":"https:\/\/tenutedeiciclopi.it\/shop\/privacy-policy","title":{"rendered":"Privacy Policy"},"content":{"rendered":"<p><strong>Informativa ai sensi dell\u2019art. 13 e 14 del Regolamento europeo 679\/2016 e consenso<\/strong> Ai sensi dell\u2019art. 13 e 14 del Regolamento europeo (UE) 2016\/679 (di seguito GDPR), e in relazione ai dati personali da Lei forniti alla nostra Azienda, Le comunichiamo quanto segue:<\/p>\n<h4>Titolare del trattamento e responsabile della protezione dei dati personali<\/h4>\n<p>Titolare del trattamento \u00e8 <strong>Tenute dei Ciclopi Societ\u00e0 Agricola a Responsabilit\u00e0 Limitata<\/strong>, Via Grazia Deledda n. 9 \u2013 95128 Catania, PIVA\/CF.\u00a005811860872 in persona del suo amministratore (di seguito indicato anche come \u201cTitolare\u201d). Il Titolare pu\u00f2 essere contattato mediante email all\u2019indirizzo <a href=\"mailto:info@tenutedeiciclopi.it\"><strong>info@tenutedeiciclopi.it<\/strong><\/a> L\u2019elenco di Responsabili del trattamento, ove nominati, \u00e8 disponibile presso la sede del Titolare. L\u2019elenco degli eventuali autorizzati\/delegati dal titolare, \u00e8 disponibile presso la sede del Titolare. Il Titolare non ha nominato un responsabile della protezione dei dati personali (RPD ovvero, data protection officer, DPO).<\/p>\n<h4>Finalit\u00e0 e base giuridica del trattamento dei dati<\/h4>\n<p>Il trattamento dei Suoi dati personali (nome, cognome, C.F., ubicazione, contatto telefonico, indirizzo mail, dati bancari) sar\u00e0 posto in essere:<\/p>\n<p>A) Senza il Suo consenso espresso (Art.6 c.1, lett.b) per le seguenti finalit\u00e0:<\/p>\n<ul>\n<li>contratti di vendita e\/o fornitura;<\/li>\n<li>adempimento agli obblighi precontrattuali, nonch\u00e9 agli obblighi contrattuali e fiscali derivanti dai rapporti con Lei in essere;<\/li>\n<li>adempiere agli obblighi previsti dalla legge, da un Regolamento, dalla normativa comunitaria o da un ordine dell\u2019Autorit\u00e0 (come ad es. in materia di antiriciclaggio)<\/li>\n<li>esercitare diritti del Titolare (come ad es. esercitare il diritto di difesa in giudizio)<\/li>\n<\/ul>\n<p>B) Solo previo Suo specifico e distinto consenso (ovvero sottoscrivendo il presente documento oppure il medesimo modulo on-line ex art.7 GDPR) per finalit\u00e0 di:<\/p>\n<ul>\n<li>Marketing e\/o promozione, a mezzo e-mail, sms, App, Social, posta ordinaria e\/o contatti telefonici, newsletter, invio di comunicazioni commerciali e\/o materiale pubblicitario su prodotti e\/o eventi offerti e organizzati dal Titolare.<\/li>\n<\/ul>\n<h4>Modalit\u00e0 del trattamento dei dati<\/h4>\n<p>I dati personali potranno essere trattati (ovvero raccolti \/ registrati \/ organizzati \/ strutturati \/ conservati \/ consultati \/ estratti \/ elaborati \/ modificati \/ selezionati \/ utilizzati \/ trasmessi \/ raffrontati \/ interconnessi \/ cancellati \/ distrutti) a mezzo sia di archivi cartacei che informatici (ivi compresi dispositivi portatili) e trattati con processi decisionali automatizzati compresa la profilazione per far fronte alle finalit\u00e0 sopra indicate.<\/p>\n<h4>Conseguenze della mancata comunicazione dei dati personali<\/h4>\n<p>Con riguardo ai dati personali relativi all\u2019esecuzione del contratto di cui Lei \u00e8 parte o relativi all\u2019adempimento ad un obbligo normativo (ad esempio gli adempimenti legati alla tenuta delle scritture contabili e fiscali), la mancata comunicazione dei dati personali impedisce il perfezionarsi del rapporto contrattuale stesso.<\/p>\n<h4>Conservazione dei dati<\/h4>\n<p>I Suoi dati personali, oggetto di trattamento per le finalit\u00e0 sopra indicate, saranno conservati per il periodo di durata del contratto e, successivamente, per il tempo in cui il Titolare sia soggetto a obblighi di conservazione per finalit\u00e0 fiscali o per altre finalit\u00e0 previsti da norme di legge o regolamento. Con particolare riferimento alle finalit\u00e0 di marketing\/promozione il periodo di conservazione dei dati personali acquisiti sar\u00e0 di 10 anni.<\/p>\n<h4>Comunicazione dei dati<\/h4>\n<p>I Suoi dati personali ai fini dell\u2019esecuzione del contratto e per le finalit\u00e0 sopra indicate potranno essere comunicati a:<\/p>\n<ol>\n<li>consulenti e altri professionisti(commercialisti, legali) che eroghino prestazioni (contrattuali e fiscali) funzionali ai fini sopra indicati;<\/li>\n<li>persone fisiche e giuridiche (studi di consulenza legale , amministrativa, fiscale, societ\u00e0 di revisione, corrieri e spedizionieri, centro elaborazione dati ecc) nei casi in cui la comunicazione risulti necessaria per le finalit\u00e0 sopra illustrate;<\/li>\n<li>istituti bancari per la gestione degli incassi e dei pagamenti;<\/li>\n<li>societ\u00e0 di factoring o di recupero crediti;<\/li>\n<li>ai nostri collaboratori e dipendenti appositamente autorizzati e nell\u2019ambito delle relative mansioni<\/li>\n<li>autorit\u00e0 giudiziarie o amministrative, per l\u2019adempimento degli obblighi di legge.<\/li>\n<\/ol>\n<p>I dati raccolti non sono trasferiti in un paese terzo extra U.E.<\/p>\n<h4>Diritti dell\u2019interessato<\/h4>\n<p>Tra i diritti a Lei riconosciuti dal GDPR rientrano quelli di: chiedere al Titolare la conferma dell\u2019esistenza o meno di dati personali che la riguardano, anche se non ancora registrati, e la loro comunicazione in forma intellegibile; ottenere l\u2019indicazione da parte del Titolare:<\/p>\n<ul>\n<li>dell\u2019origine dei dati personali;<\/li>\n<li>delle modalit\u00e0 e finalit\u00e0 del trattamento;<\/li>\n<li>della logica applicata in caso di trattamento effettuato con l\u2019ausilio di strumenti elettronici;<\/li>\n<li>degli estremi identificativi del Titolare e del Responsabile;<\/li>\n<li>dei soggetti o delle categorie di soggetti ai quali i dati personali possono essere comunicati o che possono venirne a conoscenza in qualit\u00e0 di responsabili o incaricati;<\/li>\n<li>chiedere l\u2019accesso ai Suoi dati personali ed alle informazioni relative agli stessi; l\u2019aggiornamento e la rettifica dei dati inesatti o l\u2019integrazione di quelli incompleti; la cancellazione dei dati personali che La riguardano (al verificarsi di una delle condizioni indicate nell\u2019art. 17, paragrafo 1 del GDPR e nel rispetto delle eccezioni previste nel paragrafo 3 dello stesso articolo); la limitazione del trattamento dei Suoi dati personali (al ricorrere di una delle ipotesi indicate nell\u2019art. 18, paragrafo 1 del GDPR);<\/li>\n<li>ottenere la trasformazione in forma anonima o il blocco dei dati trattati in violazione di legge, compresi quelli di cui non \u00e8 necessaria la conservazione in relazione agli scopi per i quali i dati sono stati raccolti o successivamente trattati;<\/li>\n<li>richiedere ed ottenere dal Titolare &#8211; nelle ipotesi in cui la base giuridica del trattamento sia il contratto o il consenso, e lo stesso sia effettuato con mezzi automatizzati &#8211; i Suoi dati personali in un formato strutturato e leggibile da dispositivo automatico, anche al fine di comunicare tali dati ad un altro titolare del trattamento (c.d. diritto alla portabilit\u00e0 dei dati personali);<\/li>\n<li>opporsi in qualsiasi momento al trattamento dei Suoi dati personali con le modalit\u00e0 e nei limiti di cui all\u2019art.21 GDPR;<\/li>\n<li>revocare il consenso in qualsiasi momento, limitatamente alle ipotesi in cui il trattamento sia basato sul Suo consenso per una o pi\u00f9 specifiche finalit\u00e0 e riguardi dati personali comuni (ad esempio data e luogo di nascita o luogo di residenza), oppure particolari categorie di dati (ad esempio dati che rivelano la Sua origine razziale, le Sue opinioni politiche, le Sue convinzioni religiose, lo stato di salute o la vita sessuale). Il trattamento basato sul consenso ed effettuato antecedentemente alla revoca dello stesso conserva, comunque, la sua liceit\u00e0.<\/li>\n<\/ul>\n<p>Tali diritti sono esercitabili rivolgendosi al Titolare mediante comunicazione a mezzo e-mail all\u2019indirizzo <strong><a href=\"mailto:info@tenutedeiciclopi.it\">info@tenutedeiciclopi.it<\/a><\/strong> ovvero a mezzo lettera raccomandata a\/r intestata a <strong>Tenute dei Ciclopi Societ\u00e0 Agricola a Responsabilit\u00e0 Limitata<\/strong>, in persona del suo amministratore, <strong>Via Grazia Deledda n. 9 \u2013 95128 Catania<\/strong>. Qualora l\u2019interessato ritenga che i suoi diritti siano stati violati dal Titolare e\/o da un terzo ha diritto di proporre reclamo a un\u2019autorit\u00e0 di controllo (Autorit\u00e0 Garante per la protezione dei dati personali \u2013 <a href=\"https:\/\/www.garanteprivacy.it\/\" target=\"_blank\" rel=\"noopener noreferrer\">www.garanteprivacy.it<\/a>).<\/p>\n<h4>Che cos&#8217;\u00e8 un cookie e a cosa serve<\/h4>\n<p>I cookie sono stringhe di testo di piccole dimensioni che i siti visitati dall\u2019utente inviano al suo terminale (solitamente al browser), dove vengono memorizzati per essere poi ritrasmessi agli stessi siti alla successiva visita del medesimo utente. Nel corso della navigazione su un sito, l\u2019utente pu\u00f2 ricevere sul suo terminale anche cookie che vengono inviati da siti o da web server diversi (c.d. \u201cterze parti\u201d), sui quali possono risiedere alcuni elementi (quali, ad esempio, immagini, mappe, suoni, specifici link a pagine di altri domini) presenti sul sito che lo stesso sta visitando.<\/p>\n<h4>Tipologie di cookies<\/h4>\n<p><strong>COOKIE DI SESSIONE E COOKIE PERSISTENTI<\/strong><\/p>\n<p>I cookie si possono limitare a una sessione o essere persistenti. I cookie di sessione vengono cancellati automaticamente dal computer alla chiusura del browser. I cookie persistenti rimangono memorizzati sul computer fino alla cancellazione o fino alla data di scadenza prestabilita.<\/p>\n<p><strong>COOKIES TECNICI E DI PROFILAZIONE<\/strong><\/p>\n<p>I cookie tecnici sono quelli utilizzati al solo fine di \u201ceffettuare la trasmissione di una comunicazione su una rete di comunicazione elettronica, o nella misura strettamente necessaria al fornitore di un servizio della societ\u00e0 dell\u2019informazione esplicitamente richiesto dall\u2019abbonato o dall\u2019utente a erogare tale servizio\u201d (cfr. art. 122, comma 1, del Codice Privacy). Essi non vengono utilizzati per scopi ulteriori e sono normalmente installati direttamente dal titolare o gestore del sito web. Possono essere suddivisi in:<\/p>\n<ul>\n<li>cookie di navigazione o di sessione, che garantiscono la normale navigazione e fruizione del sito web (permettendo, ad esempio, di realizzare un acquisto o autenticarsi per accedere ad aree riservate);<\/li>\n<li>cookie analytics, assimilati ai cookie tecnici laddove utilizzati direttamente dal gestore delsito per raccogliere informazioni, in forma aggregata, sul numero degli utenti e su come questi visitano il sito stesso;<\/li>\n<li>cookie di funzionalit\u00e0, che permettono all\u2019utente la navigazione in funzione di una seriedi criteri selezionati (ad esempio, la lingua, i prodotti selezionati per l\u2019acquisto) al fine di migliorare il servizio reso allo stesso.<\/li>\n<\/ul>\n<p>Per l\u2019installazione di tali cookie non \u00e8 richiesto il preventivo consenso degli utenti. I cookie di profilazione sono volti a creare profili relativi all\u2019utente e vengono utilizzati al fine di inviare messaggi pubblicitari in linea con le preferenze manifestate dallo stesso nell\u2019ambito della navigazione in rete. In ragione della particolare invasivit\u00e0 che tali dispositivi possono avere nell\u2019ambito della sfera privata degli utenti, la normativa europea e italiana prevede che l\u2019utente debba essere adeguatamente informato sull\u2019uso degli stessi ed esprimere cos\u00ec il proprio valido consenso. Ad essi si riferisce l\u2019art. 122 del Codice Privacy laddove prevede che \u201cl\u2019archiviazione delle informazioni nell\u2019apparecchio terminale di un contraente o di un utente o l\u2019accesso a informazioni gi\u00e0 archiviate sono consentiti unicamente a condizione che il contraente o l\u2019utente abbia espresso il proprio consenso dopo essere stato informato con le modalit\u00e0 semplificate di cui all\u2019articolo 13 Codice Privacy, comma 3\u201d.<\/p>\n<h4>Cookies di prima parte e di terze parti<\/h4>\n<p>I Cookies di prima parte sono quelli che appartengono al sito che li ha creati. I Cookies di terze parti sono invece creati da domini esterni al sito ed i cui dati sono conservati presso il soggetto terzo che dispone di una propria informativa sulla privacy e sul quale grava l\u2019obbligo di informare l\u2019utente sull\u2019uso dei cookie e di acquisirne eventualmente il preventivo consenso in qualit\u00e0 di titolare del trattamento. Nel caso in cui un sito consenta la trasmissione anche di cookie di \u201cterze parti\u201d, l\u2019informativa e l\u2019acquisizione del consenso sono di norma a carico del terzo. \u00c8 necessario che l\u2019utente venga adeguatamente informato, seppur con le modalit\u00e0 semplificate previste dalla legge, nel momento in cui accede al sito che consente la memorizzazione dei cookie terze parti, ovvero quando accede ai contenuti forniti dalle terze parti e, comunque, prima che i cookie vengano scaricati sul suo terminale\u201d.<\/p>\n<h4>Tipo di cookie utilizzate<\/h4>\n<p>Il presente sito utilizza cookie di tipo tecnico, al fine di agevolare il funzionamento del sito stesso e migliorare la navigazione dell\u2019utente. Il presente sito utilizza cookie di terze parti (Google Analytics) per fini statistici allo scopo di migliorare i contenuti presenti nel sito. Google Analytics \u00e8 un servizio di analisi web fornito da Google Inc. (\u201cGoogle\u201d) che permette di monitorare il numero di utenti, le pagine viste o il tempo trascorso su una pagina particolare ed \u00e8 finalizzato ad individuare quali siano le pagine pi\u00f9 visualizzate dai visitatori del sito, per quanto tempo sono rimasti all\u2019interno dello stesso o l\u2019area geografica da cui provengono. Tali informazioni vengono trattate soltanto per fini statistici e in forma anonima. Le informazioni rilevate da Google Analytics, compreso l\u2019indirizzo Ip del visitatore, vengono trasmesse al server di Google Inc., in forma anonima. Questi cookie non possono essere utilizzati per fare profilazione o identificare utenti, ma vengono adoperati esclusivamente a fini statistici in forma aggregata. Per consultare l\u2019informativa sulla privacy della societ\u00e0 Google, per informazioni e per disabilitare Google Analytics:<\/p>\n<ul>\n<li>Privacy Policy: <a href=\"http:\/\/www.google.com\/intl\/it\/policies\/privacy\/\">http:\/\/www.google.com\/intl\/it\/policies\/privacy\/<\/a><\/li>\n<li>Google Analytics: <a href=\"https:\/\/support.google.com\/analytics\/answer\/6004245?hl=it\">https:\/\/support.google.com\/analytics\/answer\/6004245?hl=it<\/a><\/li>\n<li>Opt Out: <a href=\"https:\/\/tools.google.com\/dlpage\/gaoptout?hl=it\">https:\/\/tools.google.com\/dlpage\/gaoptout?hl=it<\/a><\/li>\n<\/ul>\n<p>Il sito potrebbe contenere collegamenti ad altri siti Web che dispongono di una propria informativa sulla privacy. Per informazioni pi\u00f9 dettagliate si vedano le Privacy e Cookie Policy specifiche di social network e servizi:<\/p>\n<ul>\n<li>Google, Google Maps, You Tube &#8211; Privacy Policy: <a href=\"http:\/\/www.google.com\/policies\/privacy\/\">http:\/\/www.google.com\/policies\/privacy\/<\/a><\/li>\n<li>Facebook Privacy Policy: <a href=\"https:\/\/www.facebook.com\/privacy\/explanation\">https:\/\/www.facebook.com\/privacy\/explanation<\/a><\/li>\n<li>Facebook Cookies Policy: <a href=\"https:\/\/it-it.facebook.com\/policies\/cookies\/\">https:\/\/it-it.facebook.com\/policies\/cookies\/<\/a><\/li>\n<li>Twitter Privacy Policy: <a href=\"https:\/\/twitter.com\/it\/privacy\">https:\/\/twitter.com\/it\/privacy<\/a><\/li>\n<li>Twitter Cookies Policy: <a href=\"https:\/\/help.twitter.com\/it\/rules-and-policies\/twitter-cookies\">https:\/\/help.twitter.com\/it\/rules-and-policies\/twitter-cookies<\/a><\/li>\n<li>Pinterest Privacy Policy: <a href=\"https:\/\/policy.pinterest.com\/it\/privacy-policy\">https:\/\/policy.pinterest.com\/it\/privacy-policy<\/a><\/li>\n<li>Pinterest Cookies Policy: <a href=\"https:\/\/policy.pinterest.com\/it\/cookies\">https:\/\/policy.pinterest.com\/it\/cookies<\/a><\/li>\n<li>Instagram &#8211; Privacy Policy: <a href=\"https:\/\/help.instagram.com\/519522125107875\">https:\/\/help.instagram.com\/519522125107875<\/a><\/li>\n<li>Instagram &#8211; Cookies Policy: <a href=\"https:\/\/help.instagram.com\/1896641480634370\">https:\/\/help.instagram.com\/1896641480634370<\/a><\/li>\n<\/ul>\n<h4>Come disabilitare i cookie<\/h4>\n<p>La maggior parte dei browser (Chrome, Safari, Internet Explorer, Firefox, etc.) sono impostati di norma per accettare i cookie in modo automatico. Tuttavia, la maggior parte di essi, permette di controllare e anche disabilitare i cookie attraverso le impostazioni del browser. Per modificare queste impostazioni occorre far riferimento al manuale d\u2019uso del proprio browser. Ricordiamo per\u00f2 che disabilitare tale funzionalit\u00e0 potrebbe causare il malfunzionamento del sito e\/o limitare il servizio offerto. Ulteriori informazioni su come modificare le impostazioni sui cookie per i browser pi\u00f9 diffusi possono essere reperite ai seguenti link:<br \/>\n<strong>Impostazioni cookie per Internet Explorer<\/strong><br \/>\n<a href=\"https:\/\/support.microsoft.com\/it-it\/help\/17442\/windows-internet-explorer-delete-manage-cookies\">https:\/\/support.microsoft.com\/it-it\/help\/17442\/windows-internet-explorer-delete-manage-cookies<\/a><br \/>\n<strong>Impostazioni cookie per Firefox<\/strong><br \/>\n<a href=\"https:\/\/support.mozilla.org\/it\/kb\/Attivare%20e%20disattivare%20i%20cookie\">https:\/\/support.mozilla.org\/it\/kb\/Attivare%20e%20disattivare%20i%20cookie<\/a><br \/>\n<strong>Impostazioni cookie per Chrome<\/strong><br \/>\n<a href=\"https:\/\/support.google.com\/chrome\/answer\/95647?hl=it\">https:\/\/support.google.com\/chrome\/answer\/95647?hl=it<\/a><br \/>\n<strong>Impostazioni cookie per Safari<\/strong><br \/>\n<a href=\"https:\/\/support.apple.com\/it-it\/HT201265\">https:\/\/support.apple.com\/it-it\/HT201265<\/a><\/p>\n","protected":false},"excerpt":{"rendered":"<p>Informativa ai sensi dell\u2019art. 13 e 14 del Regolamento europeo 679\/2016 e consenso Ai sensi dell\u2019art. 13 e 14 del Regolamento europeo (UE) 2016\/679 (di seguito GDPR), e in relazione ai dati personali da Lei forniti alla nostra Azienda, Le comunichiamo quanto segue: Titolare del trattamento e responsabile della protezione dei dati personali Titolare del&hellip;<\/p>\n","protected":false},"author":1,"featured_media":2118,"parent":0,"menu_order":0,"comment_status":"closed","ping_status":"open","template":"","meta":{"footnotes":""},"_links":{"self":[{"href":"https:\/\/tenutedeiciclopi.it\/shop\/wp-json\/wp\/v2\/pages\/3"}],"collection":[{"href":"https:\/\/tenutedeiciclopi.it\/shop\/wp-json\/wp\/v2\/pages"}],"about":[{"href":"https:\/\/tenutedeiciclopi.it\/shop\/wp-json\/wp\/v2\/types\/page"}],"author":[{"embeddable":true,"href":"https:\/\/tenutedeiciclopi.it\/shop\/wp-json\/wp\/v2\/users\/1"}],"replies":[{"embeddable":true,"href":"https:\/\/tenutedeiciclopi.it\/shop\/wp-json\/wp\/v2\/comments?post=3"}],"version-history":[{"count":8,"href":"https:\/\/tenutedeiciclopi.it\/shop\/wp-json\/wp\/v2\/pages\/3\/revisions"}],"predecessor-version":[{"id":3690,"href":"https:\/\/tenutedeiciclopi.it\/shop\/wp-json\/wp\/v2\/pages\/3\/revisions\/3690"}],"wp:featuredmedia":[{"embeddable":true,"href":"https:\/\/tenutedeiciclopi.it\/shop\/wp-json\/wp\/v2\/media\/2118"}],"wp:attachment":[{"href":"https:\/\/tenutedeiciclopi.it\/shop\/wp-json\/wp\/v2\/media?parent=3"}],"curies":[{"name":"wp","href":"https:\/\/api.w.org\/{rel}","templated":true}]}}